{"id":13771,"date":"2019-06-17T10:24:41","date_gmt":"2019-06-17T10:24:41","guid":{"rendered":"https:\/\/www.reyma.com\/en\/?page_id=13771"},"modified":"2024-02-08T14:52:46","modified_gmt":"2024-02-08T13:52:46","slug":"guntixhp-system","status":"publish","type":"page","link":"https:\/\/www.reyma.com\/en\/guntixhp-system\/","title":{"rendered":"GUNTIX\u00aeHP System"},"content":{"rendered":"<p><div class=\"fusion-fullwidth fullwidth-box fusion-builder-row-1 fusion-flex-container nonhundred-percent-fullwidth non-hundred-percent-height-scrolling\" style=\"--awb-background-position:center bottom;--awb-border-radius-top-left:0px;--awb-border-radius-top-right:0px;--awb-border-radius-bottom-right:0px;--awb-border-radius-bottom-left:0px;--awb-padding-top:4%;--awb-padding-bottom:4%;--awb-flex-wrap:wrap;\" ><div class=\"fusion-builder-row fusion-row fusion-flex-align-items-flex-start fusion-flex-content-wrap\" style=\"max-width:1185.6px;margin-left: calc(-4% \/ 2 );margin-right: calc(-4% \/ 2 );\"><div class=\"fusion-layout-column fusion_builder_column fusion-builder-column-0 fusion_builder_column_1_2 1_2 fusion-flex-column fusion-animated\" style=\"--awb-padding-left:30px;--awb-bg-size:cover;--awb-width-large:50%;--awb-margin-top-large:0px;--awb-spacing-right-large:3.84%;--awb-margin-bottom-large:20px;--awb-spacing-left-large:10px;--awb-width-medium:100%;--awb-spacing-right-medium:1.92%;--awb-spacing-left-medium:1.92%;--awb-width-small:100%;--awb-spacing-right-small:1.92%;--awb-spacing-left-small:1.92%;\" data-animationType=\"fadeInDown\" data-animationDuration=\"1.0\" data-animationOffset=\"top-into-view\"><div class=\"fusion-column-wrapper fusion-column-has-shadow fusion-flex-justify-content-flex-start fusion-content-layout-column\"><div class=\"fusion-separator fusion-full-width-sep\" style=\"align-self: center;margin-left: auto;margin-right: auto;margin-bottom:40px;width:100%;\"><\/div><div class=\"fusion-image-element \" style=\"--awb-caption-title-font-family:var(--h2_typography-font-family);--awb-caption-title-font-weight:var(--h2_typography-font-weight);--awb-caption-title-font-style:var(--h2_typography-font-style);--awb-caption-title-size:var(--h2_typography-font-size);--awb-caption-title-transform:var(--h2_typography-text-transform);--awb-caption-title-line-height:var(--h2_typography-line-height);--awb-caption-title-letter-spacing:var(--h2_typography-letter-spacing);\"><span class=\" fusion-imageframe imageframe-none imageframe-1 hover-type-none\"><img decoding=\"async\" width=\"1000\" height=\"750\" title=\"proyectado\" src=\"https:\/\/www.reyma.com\/wp-content\/uploads\/2022\/05\/proyectado.jpg\" data-orig-src=\"https:\/\/www.reyma.com\/wp-content\/uploads\/2022\/05\/proyectado.jpg\" alt class=\"lazyload img-responsive wp-image-14399\" srcset=\"data:image\/svg+xml,%3Csvg%20xmlns%3D%27http%3A%2F%2Fwww.w3.org%2F2000%2Fsvg%27%20width%3D%271000%27%20height%3D%27750%27%20viewBox%3D%270%200%201000%20750%27%3E%3Crect%20width%3D%271000%27%20height%3D%27750%27%20fill-opacity%3D%220%22%2F%3E%3C%2Fsvg%3E\" data-srcset=\"https:\/\/www.reyma.com\/wp-content\/uploads\/2022\/05\/proyectado-200x150.jpg 200w, https:\/\/www.reyma.com\/wp-content\/uploads\/2022\/05\/proyectado-400x300.jpg 400w, https:\/\/www.reyma.com\/wp-content\/uploads\/2022\/05\/proyectado-600x450.jpg 600w, https:\/\/www.reyma.com\/wp-content\/uploads\/2022\/05\/proyectado-800x600.jpg 800w, https:\/\/www.reyma.com\/wp-content\/uploads\/2022\/05\/proyectado.jpg 1000w\" data-sizes=\"auto\" data-orig-sizes=\"(max-width: 1024px) 100vw, (max-width: 640px) 100vw, 600px\" \/><\/span><\/div><\/div><\/div><div class=\"fusion-layout-column fusion_builder_column fusion-builder-column-1 fusion_builder_column_1_2 1_2 fusion-flex-column fusion-animated\" style=\"--awb-padding-left:30px;--awb-bg-size:cover;--awb-width-large:50%;--awb-margin-top-large:0px;--awb-spacing-right-large:3.84%;--awb-margin-bottom-large:20px;--awb-spacing-left-large:10px;--awb-width-medium:100%;--awb-spacing-right-medium:1.92%;--awb-spacing-left-medium:1.92%;--awb-width-small:100%;--awb-spacing-right-small:1.92%;--awb-spacing-left-small:1.92%;\" data-animationType=\"fadeInDown\" data-animationDuration=\"1.0\" data-animationOffset=\"top-into-view\"><div class=\"fusion-column-wrapper fusion-column-has-shadow fusion-flex-justify-content-flex-start fusion-content-layout-column\"><div class=\"fusion-title title fusion-title-1 fusion-sep-none fusion-title-text fusion-title-size-two\" style=\"--awb-margin-bottom:0px;--awb-margin-top-small:0px;--awb-margin-right-small:0px;--awb-margin-bottom-small:0px;--awb-margin-left-small:0px;--awb-font-size:40px;\"><h2 class=\"fusion-title-heading title-heading-left fusion-responsive-typography-calculated\" style=\"margin:0;font-size:1em;--fontSize:40;line-height:1.5;\">GUNTIX \u00ae HP Sistem<\/h2><\/div><div class=\"fusion-title title fusion-title-2 fusion-sep-none fusion-title-text fusion-title-size-three\" style=\"--awb-text-color:#e83630;--awb-margin-top-small:0px;--awb-margin-right-small:0px;--awb-margin-bottom-small:20px;--awb-margin-left-small:0px;--awb-font-size:20px;\"><h3 class=\"fusion-title-heading title-heading-left fusion-responsive-typography-calculated\" style=\"margin:0;font-size:1em;--fontSize:20;--minFontSize:20;line-height:1.5;\">Thixotropic refractory concretes applied by high-pressure gunning<\/h3><\/div><div class=\"fusion-text fusion-text-1\"><p>Application system developed by REYMA\u00a0Reotix for low-cement (LCC) concretes installed by high-pressure dry gunning, <strong>aimed to achieve high properties and products performance<\/strong>, comparable to \u201cshotcreting\u201d wet gunning but with the simplicity and low application cost of conventional gunning.<\/p>\n<p>This is achieved by including a high-pressure water pump and small changes in the nozzle for better dissemination and homogeneity of the mixing water.<\/p>\n<\/div><div class=\"fusion-separator fusion-full-width-sep\" style=\"align-self: center;margin-left: auto;margin-right: auto;margin-top:30px;width:100%;\"><\/div><div ><a class=\"fusion-button button-flat button-xlarge button-default fusion-button-default button-1 fusion-button-default-span fusion-button-default-type\" target=\"_self\" href=\"\/en\/contact\/\"><i class=\"esports-shopping-cart-solid awb-button__icon awb-button__icon--default button-icon-left\" aria-hidden=\"true\"><\/i><span class=\"fusion-button-text awb-button__text awb-button__text--default\">Request a demo<\/span><\/a><\/div><\/div><\/div><\/div><\/div><div class=\"fusion-fullwidth fullwidth-box fusion-builder-row-2 fusion-flex-container nonhundred-percent-fullwidth non-hundred-percent-height-scrolling\" style=\"--awb-border-radius-top-left:0px;--awb-border-radius-top-right:0px;--awb-border-radius-bottom-right:0px;--awb-border-radius-bottom-left:0px;--awb-flex-wrap:wrap;\" ><div class=\"fusion-builder-row fusion-row fusion-flex-align-items-flex-start fusion-flex-content-wrap\" style=\"max-width:1185.6px;margin-left: calc(-4% \/ 2 );margin-right: calc(-4% \/ 2 );\"><div class=\"fusion-layout-column fusion_builder_column fusion-builder-column-2 fusion_builder_column_1_1 1_1 fusion-flex-column\" style=\"--awb-bg-size:cover;--awb-width-large:100%;--awb-margin-top-large:0px;--awb-spacing-right-large:1.92%;--awb-margin-bottom-large:20px;--awb-spacing-left-large:1.92%;--awb-width-medium:100%;--awb-order-medium:0;--awb-spacing-right-medium:1.92%;--awb-spacing-left-medium:1.92%;--awb-width-small:100%;--awb-order-small:0;--awb-spacing-right-small:1.92%;--awb-spacing-left-small:1.92%;\"><div class=\"fusion-column-wrapper fusion-column-has-shadow fusion-flex-justify-content-flex-start fusion-content-layout-column\"><div class=\"fusion-tabs fusion-tabs-1 clean vertical-tabs icon-position-left mobile-mode-accordion\" style=\"--awb-title-border-radius-top-left:0px;--awb-title-border-radius-top-right:0px;--awb-title-border-radius-bottom-right:0px;--awb-title-border-radius-bottom-left:0px;--awb-alignment:center;--awb-inactive-color:#ebeaea;--awb-background-color:#ffffff;--awb-border-color:#ebeaea;--awb-active-border-color:#e83630;\"><div class=\"nav\"><ul class=\"nav-tabs\" role=\"tablist\" aria-orientation=\"vertical\"><li class=\"active\" role=\"presentation\"><a class=\"tab-link\" data-toggle=\"tab\" role=\"tab\" aria-controls=\"tab-6855d74ea6146334d08\" aria-selected=\"true\" tabindex=\"0\" id=\"fusion-tab-6855d74ea6146334d08\" href=\"#tab-6855d74ea6146334d08\"><h4 class=\"fusion-tab-heading\"><i class=\"fontawesome-icon fa-youtube-square fab\" aria-hidden=\"true\" style=\"font-size:13px;\"><\/i>GUNTIX\u00aeHP Video <\/h4><\/a><\/li><li  role=\"presentation\"><a class=\"tab-link\" data-toggle=\"tab\" role=\"tab\" aria-controls=\"tab-d2d29118424806f65f6\" aria-selected=\"false\" tabindex=\"-1\" id=\"fusion-tab-d2d29118424806f65f6\" href=\"#tab-d2d29118424806f65f6\"><h4 class=\"fusion-tab-heading\"><i class=\"fontawesome-icon fa-medal fas\" aria-hidden=\"true\" style=\"font-size:13px;\"><\/i>Benefits of the GUNTIX \u00ae HP System<\/h4><\/a><\/li><li  role=\"presentation\"><a class=\"tab-link\" data-toggle=\"tab\" role=\"tab\" aria-controls=\"tab-2d7067244b0fbdf5dd4\" aria-selected=\"false\" tabindex=\"-1\" id=\"fusion-tab-2d7067244b0fbdf5dd4\" href=\"#tab-2d7067244b0fbdf5dd4\"><h4 class=\"fusion-tab-heading\"><i class=\"fontawesome-icon fa-industry fas\" aria-hidden=\"true\" style=\"font-size:13px;\"><\/i>Siderurgy aplications<\/h4><\/a><\/li><li  role=\"presentation\"><a class=\"tab-link\" data-toggle=\"tab\" role=\"tab\" aria-controls=\"tab-53894e1296d02e38752\" aria-selected=\"false\" tabindex=\"-1\" id=\"fusion-tab-53894e1296d02e38752\" href=\"#tab-53894e1296d02e38752\"><h4 class=\"fusion-tab-heading\"><i class=\"fontawesome-icon fa-cube fas\" aria-hidden=\"true\" style=\"font-size:13px;\"><\/i>Cement applications of the GUNTIX\u00aeHP System:<\/h4><\/a><\/li><\/ul><\/div><div class=\"tab-content\"><div class=\"nav fusion-mobile-tab-nav\"><ul class=\"nav-tabs\" role=\"tablist\" aria-orientation=\"vertical\"><li class=\"active\" role=\"presentation\"><a class=\"tab-link\" data-toggle=\"tab\" role=\"tab\" aria-controls=\"tab-6855d74ea6146334d08\" aria-selected=\"true\" tabindex=\"0\" id=\"mobile-fusion-tab-6855d74ea6146334d08\" href=\"#tab-6855d74ea6146334d08\"><h4 class=\"fusion-tab-heading\"><i class=\"fontawesome-icon fa-youtube-square fab\" aria-hidden=\"true\" style=\"font-size:13px;\"><\/i>GUNTIX\u00aeHP Video <\/h4><\/a><\/li><\/ul><\/div><div class=\"tab-pane fade fusion-clearfix in active\" role=\"tabpanel\" tabindex=\"0\" aria-labelledby=\"fusion-tab-6855d74ea6146334d08\" id=\"tab-6855d74ea6146334d08\">\n<div class=\"video-shortcode\"><iframe title=\"GUNTIX\u00aeHP 2016 REYMA REOTIX\" width=\"1140\" height=\"641\" src=\"https:\/\/www.youtube.com\/embed\/bdqa8liWCVI?feature=oembed\" frameborder=\"0\" allow=\"accelerometer; autoplay; clipboard-write; encrypted-media; gyroscope; picture-in-picture; web-share\" allowfullscreen><\/iframe><\/div>\n<\/div><div class=\"nav fusion-mobile-tab-nav\"><ul class=\"nav-tabs\" role=\"tablist\" aria-orientation=\"vertical\"><li  role=\"presentation\"><a class=\"tab-link\" data-toggle=\"tab\" role=\"tab\" aria-controls=\"tab-d2d29118424806f65f6\" aria-selected=\"false\" tabindex=\"-1\" id=\"mobile-fusion-tab-d2d29118424806f65f6\" href=\"#tab-d2d29118424806f65f6\"><h4 class=\"fusion-tab-heading\"><i class=\"fontawesome-icon fa-medal fas\" aria-hidden=\"true\" style=\"font-size:13px;\"><\/i>Benefits of the GUNTIX \u00ae HP System<\/h4><\/a><\/li><\/ul><\/div><div class=\"tab-pane fade fusion-clearfix\" role=\"tabpanel\" tabindex=\"0\" aria-labelledby=\"fusion-tab-d2d29118424806f65f6\" id=\"tab-d2d29118424806f65f6\">\n<ul class=\"arrow\">\n<li>Quick and easy installation with reduced application costs.<\/li>\n<li>Great application flexibility. For small and large volumes <em>.<\/em><\/li>\n<li>Ability to pause and resume work.<\/li>\n<li>Almost no dust is generated.<\/li>\n<li>Rebound below 10%.<\/li>\n<li>Improved cost in terms of material consumption.<\/li>\n<li>Lower porosity and better properties of the applied concrete.<\/li>\n<li>Less concrete required.<\/li>\n<li>Longer lifetime of the refractory lining.<\/li>\n<li>Higher profitability of the refractory material costs.<\/li>\n<li>Versatility in the application.<\/li>\n<li>Wide range of GUNTIX\u00ae refractory concretes for each application and area.<\/li>\n<\/ul>\n<\/div><div class=\"nav fusion-mobile-tab-nav\"><ul class=\"nav-tabs\" role=\"tablist\" aria-orientation=\"vertical\"><li  role=\"presentation\"><a class=\"tab-link\" data-toggle=\"tab\" role=\"tab\" aria-controls=\"tab-2d7067244b0fbdf5dd4\" aria-selected=\"false\" tabindex=\"-1\" id=\"mobile-fusion-tab-2d7067244b0fbdf5dd4\" href=\"#tab-2d7067244b0fbdf5dd4\"><h4 class=\"fusion-tab-heading\"><i class=\"fontawesome-icon fa-industry fas\" aria-hidden=\"true\" style=\"font-size:13px;\"><\/i>Siderurgy aplications<\/h4><\/a><\/li><\/ul><\/div><div class=\"tab-pane fade fusion-clearfix\" role=\"tabpanel\" tabindex=\"0\" aria-labelledby=\"fusion-tab-2d7067244b0fbdf5dd4\" id=\"tab-2d7067244b0fbdf5dd4\">\n<ul class=\"arrow\">\n<li>Any high stress area, to be repaired urgently.<\/li>\n<li>Conducto pre-calentador de chatarra tipo SHAFT.<\/li>\n<li>C\u00e1mara de postcombusti\u00f3n o de decantaci\u00f3n de polvos.<\/li>\n<li>Fosos de cucharas y de afino.<\/li>\n<li>C\u00e1mara de colada continua.<\/li>\n<li>Fosos de forja y de enfriamiento controlado.<\/li>\n<li>Paredes y techo de hornos de laminaci\u00f3n y tratamiento t\u00e9rmico.<\/li>\n<li>Paredes y tapas de hornos de fosa (PIT).<\/li>\n<\/ul>\n<\/div><div class=\"nav fusion-mobile-tab-nav\"><ul class=\"nav-tabs\" role=\"tablist\" aria-orientation=\"vertical\"><li  role=\"presentation\"><a class=\"tab-link\" data-toggle=\"tab\" role=\"tab\" aria-controls=\"tab-53894e1296d02e38752\" aria-selected=\"false\" tabindex=\"-1\" id=\"mobile-fusion-tab-53894e1296d02e38752\" href=\"#tab-53894e1296d02e38752\"><h4 class=\"fusion-tab-heading\"><i class=\"fontawesome-icon fa-cube fas\" aria-hidden=\"true\" style=\"font-size:13px;\"><\/i>Cement applications of the GUNTIX\u00aeHP System:<\/h4><\/a><\/li><\/ul><\/div><div class=\"tab-pane fade fusion-clearfix\" role=\"tabpanel\" tabindex=\"0\" aria-labelledby=\"fusion-tab-53894e1296d02e38752\" id=\"tab-53894e1296d02e38752\">\n<ul class=\"arrow\">\n<li>Any high stress area, to be repaired urgently.<\/li>\n<li>Kiln hood.<\/li>\n<li>Cooler.<\/li>\n<li>Smokes chamber.<\/li>\n<li>Calciner.<\/li>\n<li>Cyclones.<\/li>\n<li>Tertiary air duct.<\/li>\n<\/ul>\n<\/div><\/div><\/div><\/div><\/div><\/div><\/div><div class=\"fusion-fullwidth fullwidth-box fusion-builder-row-3 fusion-flex-container fusion-parallax-none nonhundred-percent-fullwidth non-hundred-percent-height-scrolling lazyload\" style=\"--awb-border-radius-top-left:0px;--awb-border-radius-top-right:0px;--awb-border-radius-bottom-right:0px;--awb-border-radius-bottom-left:0px;--awb-padding-top:6%;--awb-padding-bottom:3%;--awb-margin-top:46px;--awb-background-size:cover;--awb-flex-wrap:wrap;\" data-bg=\"https:\/\/www.reyma.com\/wp-content\/uploads\/2021\/05\/index-scaled.jpg\" ><div class=\"fusion-builder-row fusion-row fusion-flex-align-items-flex-start fusion-flex-content-wrap\" style=\"max-width:1185.6px;margin-left: calc(-4% \/ 2 );margin-right: calc(-4% \/ 2 );\"><div class=\"fusion-layout-column fusion_builder_column fusion-builder-column-3 fusion_builder_column_1_1 1_1 fusion-flex-column fusion-animated\" style=\"--awb-bg-size:cover;--awb-width-large:100%;--awb-margin-top-large:0px;--awb-spacing-right-large:1.92%;--awb-margin-bottom-large:20px;--awb-spacing-left-large:1.92%;--awb-width-medium:100%;--awb-spacing-right-medium:1.92%;--awb-spacing-left-medium:1.92%;--awb-width-small:100%;--awb-spacing-right-small:1.92%;--awb-spacing-left-small:1.92%;\" data-animationType=\"fadeInUp\" data-animationDuration=\"1.0\" data-animationOffset=\"top-into-view\"><div class=\"fusion-column-wrapper fusion-column-has-shadow fusion-flex-justify-content-flex-start fusion-content-layout-column\"><div class=\"fusion-title title fusion-title-3 fusion-sep-none fusion-title-center fusion-title-text fusion-title-size-two\" style=\"--awb-text-color:#ffffff;--awb-margin-bottom:0px;--awb-margin-top-small:0px;--awb-margin-right-small:0px;--awb-margin-bottom-small:0px;--awb-margin-left-small:0px;\"><h2 class=\"fusion-title-heading title-heading-center fusion-responsive-typography-calculated\" style=\"margin:0;--fontSize:30;line-height:1.5;\"><a href=\"\/en\/products-and-solutions\/\" class=\"awb-custom-text-color awb-custom-text-hover-color\" target=\"_self\"><a style=\"color: #ffffff;\" href=\"\/en\/featured-refractory-solutions\/\">VIEW ALL FEATURED PRODUCTS<\/a><\/a><\/h2><\/div><div class=\"fusion-separator fusion-full-width-sep\" style=\"align-self: center;margin-left: auto;margin-right: auto;margin-top:32px;width:100%;\"><\/div><div style=\"text-align:center;\"><a class=\"fusion-button button-flat button-xlarge button-custom fusion-button-default button-2 fusion-button-default-span fusion-button-default-type\" style=\"--awb-margin-top:20px;--button_accent_color:#ffffff;--button_accent_hover_color:#ffffff;--button_border_hover_color:#ffffff;--button_gradient_top_color:#e83630;--button_gradient_bottom_color:#e83630;--button_gradient_top_color_hover:#c1211b;--button_gradient_bottom_color_hover:#c1211b;\" target=\"_self\" href=\"\/en\/contact\/\"><span class=\"fusion-button-text awb-button__text awb-button__text--default\">Ask for further information<\/span><i class=\"fa-info-circle fas awb-button__icon awb-button__icon--default button-icon-right\" aria-hidden=\"true\"><\/i><\/a><\/div><\/div><\/div><\/div><\/div>\n<\/p>\n","protected":false},"excerpt":{"rendered":"","protected":false},"author":1,"featured_media":0,"parent":0,"menu_order":0,"comment_status":"closed","ping_status":"closed","template":"100-width.php","meta":{"footnotes":""},"class_list":["post-13771","page","type-page","status-publish","hentry"],"yoast_head":"<!-- This site is optimized with the Yoast SEO plugin v27.5 - https:\/\/yoast.com\/product\/yoast-seo-wordpress\/ -->\n<title>GUNTIX\u00aeHP System - Reyma Reotix Materiales Refractarios<\/title>\n<meta name=\"robots\" content=\"index, follow, max-snippet:-1, max-image-preview:large, max-video-preview:-1\" \/>\n<link rel=\"canonical\" href=\"https:\/\/www.reyma.com\/en\/guntixhp-system\/\" \/>\n<meta property=\"og:locale\" content=\"en_US\" \/>\n<meta property=\"og:type\" content=\"article\" \/>\n<meta property=\"og:title\" content=\"GUNTIX\u00aeHP System - Reyma Reotix Materiales Refractarios\" \/>\n<meta property=\"og:url\" content=\"https:\/\/www.reyma.com\/en\/guntixhp-system\/\" \/>\n<meta property=\"og:site_name\" content=\"Reyma Reotix Materiales Refractarios\" \/>\n<meta property=\"article:modified_time\" content=\"2024-02-08T13:52:46+00:00\" \/>\n<meta property=\"og:image\" content=\"https:\/\/www.reyma.com\/wp-content\/uploads\/2021\/03\/lanza-quemador-scaled.jpg\" \/>\n\t<meta property=\"og:image:width\" content=\"2560\" \/>\n\t<meta property=\"og:image:height\" content=\"1657\" \/>\n\t<meta property=\"og:image:type\" content=\"image\/jpeg\" \/>\n<meta name=\"twitter:card\" content=\"summary_large_image\" \/>\n<meta name=\"twitter:site\" content=\"@reymareotix\" \/>\n<script type=\"application\/ld+json\" class=\"yoast-schema-graph\">{\"@context\":\"https:\\\/\\\/schema.org\",\"@graph\":[{\"@type\":\"WebPage\",\"@id\":\"https:\\\/\\\/www.reyma.com\\\/en\\\/guntixhp-system\\\/\",\"url\":\"https:\\\/\\\/www.reyma.com\\\/en\\\/guntixhp-system\\\/\",\"name\":\"GUNTIX\u00aeHP System - Reyma Reotix Materiales Refractarios\",\"isPartOf\":{\"@id\":\"https:\\\/\\\/www.reyma.com\\\/#website\"},\"datePublished\":\"2019-06-17T10:24:41+00:00\",\"dateModified\":\"2024-02-08T13:52:46+00:00\",\"breadcrumb\":{\"@id\":\"https:\\\/\\\/www.reyma.com\\\/en\\\/guntixhp-system\\\/#breadcrumb\"},\"inLanguage\":\"en-US\",\"potentialAction\":[{\"@type\":\"ReadAction\",\"target\":[\"https:\\\/\\\/www.reyma.com\\\/en\\\/guntixhp-system\\\/\"]}]},{\"@type\":\"BreadcrumbList\",\"@id\":\"https:\\\/\\\/www.reyma.com\\\/en\\\/guntixhp-system\\\/#breadcrumb\",\"itemListElement\":[{\"@type\":\"ListItem\",\"position\":1,\"name\":\"Portada\",\"item\":\"https:\\\/\\\/www.reyma.com\\\/en\\\/\"},{\"@type\":\"ListItem\",\"position\":2,\"name\":\"GUNTIX\u00aeHP System\"}]},{\"@type\":\"WebSite\",\"@id\":\"https:\\\/\\\/www.reyma.com\\\/#website\",\"url\":\"https:\\\/\\\/www.reyma.com\\\/\",\"name\":\"REYMA Reotix Materiales Refractarios\",\"description\":\"REYMA Reotix materiales Refractarios. Hormigones y concretos Refractarios. Expertos en Material Refractario, todos los sectores industriales.\",\"publisher\":{\"@id\":\"https:\\\/\\\/www.reyma.com\\\/#organization\"},\"alternateName\":\"Concretos y soluciones refractarias\",\"potentialAction\":[{\"@type\":\"SearchAction\",\"target\":{\"@type\":\"EntryPoint\",\"urlTemplate\":\"https:\\\/\\\/www.reyma.com\\\/?s={search_term_string}\"},\"query-input\":{\"@type\":\"PropertyValueSpecification\",\"valueRequired\":true,\"valueName\":\"search_term_string\"}}],\"inLanguage\":\"en-US\"},{\"@type\":\"Organization\",\"@id\":\"https:\\\/\\\/www.reyma.com\\\/#organization\",\"name\":\"REYMA Materiales Refractarios\",\"url\":\"https:\\\/\\\/www.reyma.com\\\/\",\"logo\":{\"@type\":\"ImageObject\",\"inLanguage\":\"en-US\",\"@id\":\"https:\\\/\\\/www.reyma.com\\\/#\\\/schema\\\/logo\\\/image\\\/\",\"url\":\"https:\\\/\\\/www.reyma.com\\\/wp-content\\\/uploads\\\/2021\\\/05\\\/Logo-reyma-cabecera.jpg\",\"contentUrl\":\"https:\\\/\\\/www.reyma.com\\\/wp-content\\\/uploads\\\/2021\\\/05\\\/Logo-reyma-cabecera.jpg\",\"width\":85,\"height\":115,\"caption\":\"REYMA Materiales Refractarios\"},\"image\":{\"@id\":\"https:\\\/\\\/www.reyma.com\\\/#\\\/schema\\\/logo\\\/image\\\/\"},\"sameAs\":[\"https:\\\/\\\/x.com\\\/reymareotix\"]}]}<\/script>\n<!-- \/ Yoast SEO plugin. -->","yoast_head_json":{"title":"GUNTIX\u00aeHP System - Reyma Reotix Materiales Refractarios","robots":{"index":"index","follow":"follow","max-snippet":"max-snippet:-1","max-image-preview":"max-image-preview:large","max-video-preview":"max-video-preview:-1"},"canonical":"https:\/\/www.reyma.com\/en\/guntixhp-system\/","og_locale":"en_US","og_type":"article","og_title":"GUNTIX\u00aeHP System - Reyma Reotix Materiales Refractarios","og_url":"https:\/\/www.reyma.com\/en\/guntixhp-system\/","og_site_name":"Reyma Reotix Materiales Refractarios","article_modified_time":"2024-02-08T13:52:46+00:00","og_image":[{"width":2560,"height":1657,"url":"https:\/\/www.reyma.com\/wp-content\/uploads\/2021\/03\/lanza-quemador-scaled.jpg","type":"image\/jpeg"}],"twitter_card":"summary_large_image","twitter_site":"@reymareotix","schema":{"@context":"https:\/\/schema.org","@graph":[{"@type":"WebPage","@id":"https:\/\/www.reyma.com\/en\/guntixhp-system\/","url":"https:\/\/www.reyma.com\/en\/guntixhp-system\/","name":"GUNTIX\u00aeHP System - Reyma Reotix Materiales Refractarios","isPartOf":{"@id":"https:\/\/www.reyma.com\/#website"},"datePublished":"2019-06-17T10:24:41+00:00","dateModified":"2024-02-08T13:52:46+00:00","breadcrumb":{"@id":"https:\/\/www.reyma.com\/en\/guntixhp-system\/#breadcrumb"},"inLanguage":"en-US","potentialAction":[{"@type":"ReadAction","target":["https:\/\/www.reyma.com\/en\/guntixhp-system\/"]}]},{"@type":"BreadcrumbList","@id":"https:\/\/www.reyma.com\/en\/guntixhp-system\/#breadcrumb","itemListElement":[{"@type":"ListItem","position":1,"name":"Portada","item":"https:\/\/www.reyma.com\/en\/"},{"@type":"ListItem","position":2,"name":"GUNTIX\u00aeHP System"}]},{"@type":"WebSite","@id":"https:\/\/www.reyma.com\/#website","url":"https:\/\/www.reyma.com\/","name":"REYMA Reotix Materiales Refractarios","description":"REYMA Reotix materiales Refractarios. Hormigones y concretos Refractarios. Expertos en Material Refractario, todos los sectores industriales.","publisher":{"@id":"https:\/\/www.reyma.com\/#organization"},"alternateName":"Concretos y soluciones refractarias","potentialAction":[{"@type":"SearchAction","target":{"@type":"EntryPoint","urlTemplate":"https:\/\/www.reyma.com\/?s={search_term_string}"},"query-input":{"@type":"PropertyValueSpecification","valueRequired":true,"valueName":"search_term_string"}}],"inLanguage":"en-US"},{"@type":"Organization","@id":"https:\/\/www.reyma.com\/#organization","name":"REYMA Materiales Refractarios","url":"https:\/\/www.reyma.com\/","logo":{"@type":"ImageObject","inLanguage":"en-US","@id":"https:\/\/www.reyma.com\/#\/schema\/logo\/image\/","url":"https:\/\/www.reyma.com\/wp-content\/uploads\/2021\/05\/Logo-reyma-cabecera.jpg","contentUrl":"https:\/\/www.reyma.com\/wp-content\/uploads\/2021\/05\/Logo-reyma-cabecera.jpg","width":85,"height":115,"caption":"REYMA Materiales Refractarios"},"image":{"@id":"https:\/\/www.reyma.com\/#\/schema\/logo\/image\/"},"sameAs":["https:\/\/x.com\/reymareotix"]}]}},"_links":{"self":[{"href":"https:\/\/www.reyma.com\/en\/wp-json\/wp\/v2\/pages\/13771","targetHints":{"allow":["GET"]}}],"collection":[{"href":"https:\/\/www.reyma.com\/en\/wp-json\/wp\/v2\/pages"}],"about":[{"href":"https:\/\/www.reyma.com\/en\/wp-json\/wp\/v2\/types\/page"}],"author":[{"embeddable":true,"href":"https:\/\/www.reyma.com\/en\/wp-json\/wp\/v2\/users\/1"}],"replies":[{"embeddable":true,"href":"https:\/\/www.reyma.com\/en\/wp-json\/wp\/v2\/comments?post=13771"}],"version-history":[{"count":0,"href":"https:\/\/www.reyma.com\/en\/wp-json\/wp\/v2\/pages\/13771\/revisions"}],"wp:attachment":[{"href":"https:\/\/www.reyma.com\/en\/wp-json\/wp\/v2\/media?parent=13771"}],"curies":[{"name":"wp","href":"https:\/\/api.w.org\/{rel}","templated":true}]}}